{"id":2324,"date":"2025-06-19T13:28:11","date_gmt":"2025-06-19T13:28:11","guid":{"rendered":"https:\/\/trevicollectionhotel.com\/hotels\/"},"modified":"2026-01-13T13:14:20","modified_gmt":"2026-01-13T13:14:20","slug":"hotel","status":"publish","type":"page","link":"https:\/\/hoteltrevirome.com\/fr\/hotel\/","title":{"rendered":"Hotel"},"content":{"rendered":"\t\t<div data-elementor-type=\"wp-page\" data-elementor-id=\"2324\" class=\"elementor elementor-2324 elementor-1096\" data-elementor-post-type=\"page\">\n\t\t\t\t\t\t<section class=\"elementor-section elementor-top-section elementor-element elementor-element-6f224e2 elementor-section-height-min-height elementor-section-boxed elementor-section-height-default elementor-section-items-middle\" data-id=\"6f224e2\" data-element_type=\"section\" data-e-type=\"section\" data-settings=\"{&quot;background_background&quot;:&quot;classic&quot;}\">\n\t\t\t\t\t\t<div class=\"elementor-container elementor-column-gap-default\">\n\t\t\t\t\t<div class=\"elementor-column elementor-col-100 elementor-top-column elementor-element elementor-element-c2b85b0\" data-id=\"c2b85b0\" data-element_type=\"column\" data-e-type=\"column\">\n\t\t\t<div class=\"elementor-widget-wrap\">\n\t\t\t\t\t\t\t<\/div>\n\t\t<\/div>\n\t\t\t\t\t<\/div>\n\t\t<\/section>\n\t\t\t\t<section class=\"elementor-section elementor-top-section elementor-element elementor-element-aa089c9 elementor-section-boxed elementor-section-height-default elementor-section-height-default\" data-id=\"aa089c9\" data-element_type=\"section\" data-e-type=\"section\" data-settings=\"{&quot;background_background&quot;:&quot;classic&quot;}\">\n\t\t\t\t\t\t<div class=\"elementor-container elementor-column-gap-default\">\n\t\t\t\t\t<div class=\"elementor-column elementor-col-100 elementor-top-column elementor-element elementor-element-29152d3\" data-id=\"29152d3\" data-element_type=\"column\" data-e-type=\"column\">\n\t\t\t<div class=\"elementor-widget-wrap elementor-element-populated\">\n\t\t\t\t\t\t<div class=\"elementor-element elementor-element-956e924 elementor-widget__width-auto elementor-hidden-tablet elementor-hidden-mobile elementor-widget-divider--view-line elementor-widget elementor-widget-divider\" data-id=\"956e924\" data-element_type=\"widget\" data-e-type=\"widget\" data-widget_type=\"divider.default\">\n\t\t\t\t<div class=\"elementor-widget-container\">\n\t\t\t\t\t\t\t<div class=\"elementor-divider\">\n\t\t\t<span class=\"elementor-divider-separator\">\n\t\t\t\t\t\t<\/span>\n\t\t<\/div>\n\t\t\t\t\t\t<\/div>\n\t\t\t\t<\/div>\n\t\t\t\t<div class=\"elementor-element elementor-element-0ad63e2 elementor-widget__width-auto elementor-widget elementor-widget-heading\" data-id=\"0ad63e2\" data-element_type=\"widget\" data-e-type=\"widget\" data-widget_type=\"heading.default\">\n\t\t\t\t<div class=\"elementor-widget-container\">\n\t\t\t\t\t<h1 class=\"elementor-heading-title elementor-size-default\">H\u00f4tel Trevi<\/h1>\t\t\t\t<\/div>\n\t\t\t\t<\/div>\n\t\t\t\t\t<\/div>\n\t\t<\/div>\n\t\t\t\t\t<\/div>\n\t\t<\/section>\n\t\t\t\t<section class=\"elementor-section elementor-top-section elementor-element elementor-element-20ccd7b elementor-section-content-middle elementor-section-boxed elementor-section-height-default elementor-section-height-default\" data-id=\"20ccd7b\" data-element_type=\"section\" data-e-type=\"section\" data-settings=\"{&quot;background_background&quot;:&quot;classic&quot;}\">\n\t\t\t\t\t\t<div class=\"elementor-container elementor-column-gap-no\">\n\t\t\t\t\t<div class=\"elementor-column elementor-col-50 elementor-top-column elementor-element elementor-element-ccc226d\" data-id=\"ccc226d\" data-element_type=\"column\" data-e-type=\"column\">\n\t\t\t<div class=\"elementor-widget-wrap elementor-element-populated\">\n\t\t\t\t\t\t<div class=\"elementor-element elementor-element-321079d elementor-widget elementor-widget-text-editor\" data-id=\"321079d\" data-element_type=\"widget\" data-e-type=\"widget\" data-widget_type=\"text-editor.default\">\n\t\t\t\t<div class=\"elementor-widget-container\">\n\t\t\t\t\t\t\t\t\t<p>L&rsquo;H\u00f4tel Trevi est un v\u00e9ritable <strong>complexe h\u00f4telier<\/strong> au c\u0153ur de Rome\u00a0: un harmonieux m\u00e9lange de splendides b\u00e2timents historiques, tous accessibles \u00e0 pied. La r\u00e9ception se situe dans l&rsquo;\u00e9l\u00e9gant b\u00e2timent principal, qui abrite \u00e9galement les chambres, la salle de petit-d\u00e9jeuner et le hall. \u00c0 proximit\u00e9, nos annexes et suites sont am\u00e9nag\u00e9es dans des b\u00e2timents d&rsquo;\u00e9poque soigneusement r\u00e9nov\u00e9s. Diff\u00e9rentes options d&rsquo;h\u00e9bergement, un seul style\u00a0: l&rsquo;\u00e9l\u00e9gance naturelle et le go\u00fbt impeccable qui caract\u00e9risent depuis toujours l&rsquo;hospitalit\u00e9 de l&rsquo;H\u00f4tel Trevi.<\/p><p>Les plafonds aux poutres apparentes, les mat\u00e9riaux authentiques et les d\u00e9tails architecturaux d&rsquo;origine conf\u00e8rent aux pi\u00e8ces un charme romain antique et profond. Ce caract\u00e8re traditionnel se marie harmonieusement \u00e0 un design moderne et raffin\u00e9\u00a0: lignes \u00e9pur\u00e9es, \u00e9clairage LED, couleurs neutres \u00e9voquant la pierre et le bois, et touches d\u00e9coratives contemporaines qui rythment et personnalisent les espaces.<\/p><p>Ici, le confort n&rsquo;est pas un concept abstrait, mais une exp\u00e9rience concr\u00e8te\u00a0: chaque chambre, tant dans le b\u00e2timent principal que dans les annexes, offre des espaces raffin\u00e9s, surprenants par leur ampleur, leur tranquillit\u00e9 et le soin apport\u00e9 aux d\u00e9tails. Les annexes, facilement reconnaissables \u00e0 leurs \u00e9l\u00e9gantes enseignes lumineuses, ajoutent une touche d&rsquo;intimit\u00e9 et de luxe \u00e0 un s\u00e9jour d\u00e9j\u00e0 irr\u00e9prochable.<\/p><p>Nos suites mettent en valeur la beaut\u00e9 des b\u00e2timents qui les abritent\u00a0: arches de briques anciennes, douches spacieuses orn\u00e9es de galets, cours int\u00e9rieures paisibles et terrasses offrant des vues pittoresques rendent chaque h\u00e9bergement unique et m\u00e9morable. Partout, nos clients b\u00e9n\u00e9ficient de la m\u00eame qualit\u00e9 de service et de l\u2019assistance constante de notre personnel.<\/p><p>Tout cela, et sa proximit\u00e9 imm\u00e9diate avec la c\u00e9l\u00e8bre fontaine de Trevi, font de l&rsquo;H\u00f4tel Trevi une v\u00e9ritable garantie de qualit\u00e9 italienne, o\u00f9 histoire, beaut\u00e9 et confort se conjuguent pour offrir une exp\u00e9rience de s\u00e9jour unique.<\/p>\t\t\t\t\t\t\t\t<\/div>\n\t\t\t\t<\/div>\n\t\t\t\t\t<\/div>\n\t\t<\/div>\n\t\t\t\t<div class=\"elementor-column elementor-col-50 elementor-top-column elementor-element elementor-element-f1bb709\" data-id=\"f1bb709\" data-element_type=\"column\" data-e-type=\"column\">\n\t\t\t<div class=\"elementor-widget-wrap elementor-element-populated\">\n\t\t\t\t\t\t<div class=\"elementor-element elementor-element-1b9c726 elementor-widget elementor-widget-gallery\" data-id=\"1b9c726\" data-element_type=\"widget\" data-e-type=\"widget\" data-settings=\"{&quot;columns&quot;:2,&quot;aspect_ratio&quot;:&quot;1:1&quot;,&quot;lazyload&quot;:&quot;yes&quot;,&quot;gallery_layout&quot;:&quot;grid&quot;,&quot;columns_tablet&quot;:2,&quot;columns_mobile&quot;:1,&quot;gap&quot;:{&quot;unit&quot;:&quot;px&quot;,&quot;size&quot;:10,&quot;sizes&quot;:[]},&quot;gap_tablet&quot;:{&quot;unit&quot;:&quot;px&quot;,&quot;size&quot;:10,&quot;sizes&quot;:[]},&quot;gap_mobile&quot;:{&quot;unit&quot;:&quot;px&quot;,&quot;size&quot;:10,&quot;sizes&quot;:[]},&quot;overlay_background&quot;:&quot;yes&quot;,&quot;content_hover_animation&quot;:&quot;fade-in&quot;}\" data-widget_type=\"gallery.default\">\n\t\t\t\t<div class=\"elementor-widget-container\">\n\t\t\t\t\t\t\t<div class=\"elementor-gallery__container\">\n\t\t\t\t\t\t\t<div class=\"e-gallery-item elementor-gallery-item elementor-animated-content\">\n\t\t\t\t\t<div class=\"e-gallery-image elementor-gallery-item__image\" data-thumbnail=\"https:\/\/hoteltrevirome.com\/wp-content\/uploads\/2025\/12\/Camera-Superior-3.webp\" data-width=\"1020\" data-height=\"1020\" aria-label=\"\" role=\"img\" ><\/div>\n\t\t\t\t\t\t\t\t\t\t\t<div class=\"elementor-gallery-item__overlay\"><\/div>\n\t\t\t\t\t\t\t\t\t\t\t\t\t\t<\/div>\n\t\t\t\t\t\t\t<div class=\"e-gallery-item elementor-gallery-item elementor-animated-content\">\n\t\t\t\t\t<div class=\"e-gallery-image elementor-gallery-item__image\" data-thumbnail=\"https:\/\/hoteltrevirome.com\/wp-content\/uploads\/2025\/06\/DSC9118-1.webp\" data-width=\"605\" data-height=\"465\" aria-label=\"\" role=\"img\" ><\/div>\n\t\t\t\t\t\t\t\t\t\t\t<div class=\"elementor-gallery-item__overlay\"><\/div>\n\t\t\t\t\t\t\t\t\t\t\t\t\t\t<\/div>\n\t\t\t\t\t\t\t<div class=\"e-gallery-item elementor-gallery-item elementor-animated-content\">\n\t\t\t\t\t<div class=\"e-gallery-image elementor-gallery-item__image\" data-thumbnail=\"https:\/\/hoteltrevirome.com\/wp-content\/uploads\/2025\/12\/Hotel-Trevi-Camera-Standard-Interna-1.webp\" data-width=\"1020\" data-height=\"1020\" aria-label=\"\" role=\"img\" ><\/div>\n\t\t\t\t\t\t\t\t\t\t\t<div class=\"elementor-gallery-item__overlay\"><\/div>\n\t\t\t\t\t\t\t\t\t\t\t\t\t\t<\/div>\n\t\t\t\t\t\t\t<div class=\"e-gallery-item elementor-gallery-item elementor-animated-content\">\n\t\t\t\t\t<div class=\"e-gallery-image elementor-gallery-item__image\" data-thumbnail=\"https:\/\/hoteltrevirome.com\/wp-content\/uploads\/2025\/12\/Hotel-Trevi-Rome_sectionHP.webp\" data-width=\"1920\" data-height=\"1275\" aria-label=\"\" role=\"img\" ><\/div>\n\t\t\t\t\t\t\t\t\t\t\t<div class=\"elementor-gallery-item__overlay\"><\/div>\n\t\t\t\t\t\t\t\t\t\t\t\t\t\t<\/div>\n\t\t\t\t\t\t\t<div class=\"e-gallery-item elementor-gallery-item elementor-animated-content\">\n\t\t\t\t\t<div class=\"e-gallery-image elementor-gallery-item__image\" data-thumbnail=\"https:\/\/hoteltrevirome.com\/wp-content\/uploads\/2025\/06\/PsHMrR1A-1.webp\" data-width=\"605\" data-height=\"465\" aria-label=\"\" role=\"img\" ><\/div>\n\t\t\t\t\t\t\t\t\t\t\t<div class=\"elementor-gallery-item__overlay\"><\/div>\n\t\t\t\t\t\t\t\t\t\t\t\t\t\t<\/div>\n\t\t\t\t\t\t\t<div class=\"e-gallery-item elementor-gallery-item elementor-animated-content\">\n\t\t\t\t\t<div class=\"e-gallery-image elementor-gallery-item__image\" data-thumbnail=\"https:\/\/hoteltrevirome.com\/wp-content\/uploads\/2025\/06\/Camera-Superior-4-1.webp\" data-width=\"605\" data-height=\"465\" aria-label=\"\" role=\"img\" ><\/div>\n\t\t\t\t\t\t\t\t\t\t\t<div class=\"elementor-gallery-item__overlay\"><\/div>\n\t\t\t\t\t\t\t\t\t\t\t\t\t\t<\/div>\n\t\t\t\t\t\t\t<div class=\"e-gallery-item elementor-gallery-item elementor-animated-content\">\n\t\t\t\t\t<div class=\"e-gallery-image elementor-gallery-item__image\" data-thumbnail=\"https:\/\/hoteltrevirome.com\/wp-content\/uploads\/2025\/06\/DSC9143.webp\" data-width=\"605\" data-height=\"465\" aria-label=\"\" role=\"img\" ><\/div>\n\t\t\t\t\t\t\t\t\t\t\t<div class=\"elementor-gallery-item__overlay\"><\/div>\n\t\t\t\t\t\t\t\t\t\t\t\t\t\t<\/div>\n\t\t\t\t\t\t\t<div class=\"e-gallery-item elementor-gallery-item elementor-animated-content\">\n\t\t\t\t\t<div class=\"e-gallery-image elementor-gallery-item__image\" data-thumbnail=\"https:\/\/hoteltrevirome.com\/wp-content\/uploads\/2025\/12\/DSC2282.webp\" data-width=\"698\" data-height=\"523\" aria-label=\"\" role=\"img\" ><\/div>\n\t\t\t\t\t\t\t\t\t\t\t<div class=\"elementor-gallery-item__overlay\"><\/div>\n\t\t\t\t\t\t\t\t\t\t\t\t\t\t<\/div>\n\t\t\t\t\t<\/div>\n\t\t\t\t\t<\/div>\n\t\t\t\t<\/div>\n\t\t\t\t\t<\/div>\n\t\t<\/div>\n\t\t\t\t\t<\/div>\n\t\t<\/section>\n\t\t\t\t<\/div>\n\t\t","protected":false},"excerpt":{"rendered":"<p>H\u00f4tel Trevi L&rsquo;H\u00f4tel Trevi est un v\u00e9ritable complexe h\u00f4telier au c\u0153ur de Rome\u00a0: un harmonieux m\u00e9lange de splendides b\u00e2timents historiques, tous accessibles \u00e0 pied. La r\u00e9ception se situe dans l&rsquo;\u00e9l\u00e9gant b\u00e2timent principal, qui abrite \u00e9galement les chambres, la salle de &hellip; <a href=\"https:\/\/hoteltrevirome.com\/fr\/hotel\/\">Read More<\/a><\/p>\n","protected":false},"author":1,"featured_media":0,"parent":0,"menu_order":0,"comment_status":"closed","ping_status":"closed","template":"","meta":{"footnotes":""},"class_list":["post-2324","page","type-page","status-publish","hentry"],"yoast_head":"<!-- This site is optimized with the Yoast SEO plugin v27.3 - https:\/\/yoast.com\/product\/yoast-seo-wordpress\/ -->\n<title>Hotel - Hotel Trevi Roma<\/title>\n<meta name=\"robots\" content=\"index, follow, max-snippet:-1, max-image-preview:large, max-video-preview:-1\" \/>\n<link rel=\"canonical\" href=\"https:\/\/hoteltrevirome.com\/fr\/hotel\/\" \/>\n<meta property=\"og:locale\" content=\"fr_FR\" \/>\n<meta property=\"og:type\" content=\"article\" \/>\n<meta property=\"og:title\" content=\"Hotel - Hotel Trevi Roma\" \/>\n<meta property=\"og:description\" content=\"H\u00f4tel Trevi L&rsquo;H\u00f4tel Trevi est un v\u00e9ritable complexe h\u00f4telier au c\u0153ur de Rome\u00a0: un harmonieux m\u00e9lange de splendides b\u00e2timents historiques, tous accessibles \u00e0 pied. La r\u00e9ception se situe dans l&rsquo;\u00e9l\u00e9gant b\u00e2timent principal, qui abrite \u00e9galement les chambres, la salle de &hellip; Read More\" \/>\n<meta property=\"og:url\" content=\"https:\/\/hoteltrevirome.com\/fr\/hotel\/\" \/>\n<meta property=\"og:site_name\" content=\"Hotel Trevi Roma\" \/>\n<meta property=\"article:publisher\" content=\"https:\/\/www.facebook.com\/profile.php?id=61576998643266#\" \/>\n<meta property=\"article:modified_time\" content=\"2026-01-13T13:14:20+00:00\" \/>\n<meta name=\"twitter:card\" content=\"summary_large_image\" \/>\n<meta name=\"twitter:label1\" content=\"Dur\u00e9e de lecture estim\u00e9e\" \/>\n\t<meta name=\"twitter:data1\" content=\"2 minutes\" \/>\n<script type=\"application\/ld+json\" class=\"yoast-schema-graph\">{\"@context\":\"https:\\\/\\\/schema.org\",\"@graph\":[{\"@type\":\"WebPage\",\"@id\":\"https:\\\/\\\/hoteltrevirome.com\\\/fr\\\/hotel\\\/\",\"url\":\"https:\\\/\\\/hoteltrevirome.com\\\/fr\\\/hotel\\\/\",\"name\":\"Hotel - Hotel Trevi Roma\",\"isPartOf\":{\"@id\":\"https:\\\/\\\/hoteltrevirome.com\\\/fr\\\/#website\"},\"datePublished\":\"2025-06-19T13:28:11+00:00\",\"dateModified\":\"2026-01-13T13:14:20+00:00\",\"breadcrumb\":{\"@id\":\"https:\\\/\\\/hoteltrevirome.com\\\/fr\\\/hotel\\\/#breadcrumb\"},\"inLanguage\":\"fr-FR\",\"potentialAction\":[{\"@type\":\"ReadAction\",\"target\":[\"https:\\\/\\\/hoteltrevirome.com\\\/fr\\\/hotel\\\/\"]}]},{\"@type\":\"BreadcrumbList\",\"@id\":\"https:\\\/\\\/hoteltrevirome.com\\\/fr\\\/hotel\\\/#breadcrumb\",\"itemListElement\":[{\"@type\":\"ListItem\",\"position\":1,\"name\":\"Home\",\"item\":\"https:\\\/\\\/hoteltrevirome.com\\\/fr\\\/home-3\\\/\"},{\"@type\":\"ListItem\",\"position\":2,\"name\":\"Hotel\"}]},{\"@type\":\"WebSite\",\"@id\":\"https:\\\/\\\/hoteltrevirome.com\\\/fr\\\/#website\",\"url\":\"https:\\\/\\\/hoteltrevirome.com\\\/fr\\\/\",\"name\":\"Trevi Collection Hotel a Roma\",\"description\":\"Hotel 3 Stelle vicino Fontana di Trevi\",\"publisher\":{\"@id\":\"https:\\\/\\\/hoteltrevirome.com\\\/fr\\\/#organization\"},\"potentialAction\":[{\"@type\":\"SearchAction\",\"target\":{\"@type\":\"EntryPoint\",\"urlTemplate\":\"https:\\\/\\\/hoteltrevirome.com\\\/fr\\\/?s={search_term_string}\"},\"query-input\":{\"@type\":\"PropertyValueSpecification\",\"valueRequired\":true,\"valueName\":\"search_term_string\"}}],\"inLanguage\":\"fr-FR\"},{\"@type\":\"Organization\",\"@id\":\"https:\\\/\\\/hoteltrevirome.com\\\/fr\\\/#organization\",\"name\":\"Trevi Collection Hotel a Roma\",\"url\":\"https:\\\/\\\/hoteltrevirome.com\\\/fr\\\/\",\"logo\":{\"@type\":\"ImageObject\",\"inLanguage\":\"fr-FR\",\"@id\":\"https:\\\/\\\/hoteltrevirome.com\\\/fr\\\/#\\\/schema\\\/logo\\\/image\\\/\",\"url\":\"https:\\\/\\\/hoteltrevirome.com\\\/wp-content\\\/uploads\\\/2025\\\/11\\\/cropped-logo_20trevi.webp\",\"contentUrl\":\"https:\\\/\\\/hoteltrevirome.com\\\/wp-content\\\/uploads\\\/2025\\\/11\\\/cropped-logo_20trevi.webp\",\"width\":347,\"height\":347,\"caption\":\"Trevi Collection Hotel a Roma\"},\"image\":{\"@id\":\"https:\\\/\\\/hoteltrevirome.com\\\/fr\\\/#\\\/schema\\\/logo\\\/image\\\/\"},\"sameAs\":[\"https:\\\/\\\/www.facebook.com\\\/profile.php?id=61576998643266#\",\"https:\\\/\\\/www.instagram.com\\\/trevicollectionhotel?igsh=MWR2ZTM2azFqM2g1eQ&utm_source=qr\"]}]}<\/script>\n<!-- \/ Yoast SEO plugin. -->","yoast_head_json":{"title":"Hotel - Hotel Trevi Roma","robots":{"index":"index","follow":"follow","max-snippet":"max-snippet:-1","max-image-preview":"max-image-preview:large","max-video-preview":"max-video-preview:-1"},"canonical":"https:\/\/hoteltrevirome.com\/fr\/hotel\/","og_locale":"fr_FR","og_type":"article","og_title":"Hotel - Hotel Trevi Roma","og_description":"H\u00f4tel Trevi L&rsquo;H\u00f4tel Trevi est un v\u00e9ritable complexe h\u00f4telier au c\u0153ur de Rome\u00a0: un harmonieux m\u00e9lange de splendides b\u00e2timents historiques, tous accessibles \u00e0 pied. La r\u00e9ception se situe dans l&rsquo;\u00e9l\u00e9gant b\u00e2timent principal, qui abrite \u00e9galement les chambres, la salle de &hellip; Read More","og_url":"https:\/\/hoteltrevirome.com\/fr\/hotel\/","og_site_name":"Hotel Trevi Roma","article_publisher":"https:\/\/www.facebook.com\/profile.php?id=61576998643266#","article_modified_time":"2026-01-13T13:14:20+00:00","twitter_card":"summary_large_image","twitter_misc":{"Dur\u00e9e de lecture estim\u00e9e":"2 minutes"},"schema":{"@context":"https:\/\/schema.org","@graph":[{"@type":"WebPage","@id":"https:\/\/hoteltrevirome.com\/fr\/hotel\/","url":"https:\/\/hoteltrevirome.com\/fr\/hotel\/","name":"Hotel - Hotel Trevi Roma","isPartOf":{"@id":"https:\/\/hoteltrevirome.com\/fr\/#website"},"datePublished":"2025-06-19T13:28:11+00:00","dateModified":"2026-01-13T13:14:20+00:00","breadcrumb":{"@id":"https:\/\/hoteltrevirome.com\/fr\/hotel\/#breadcrumb"},"inLanguage":"fr-FR","potentialAction":[{"@type":"ReadAction","target":["https:\/\/hoteltrevirome.com\/fr\/hotel\/"]}]},{"@type":"BreadcrumbList","@id":"https:\/\/hoteltrevirome.com\/fr\/hotel\/#breadcrumb","itemListElement":[{"@type":"ListItem","position":1,"name":"Home","item":"https:\/\/hoteltrevirome.com\/fr\/home-3\/"},{"@type":"ListItem","position":2,"name":"Hotel"}]},{"@type":"WebSite","@id":"https:\/\/hoteltrevirome.com\/fr\/#website","url":"https:\/\/hoteltrevirome.com\/fr\/","name":"Trevi Collection Hotel a Roma","description":"Hotel 3 Stelle vicino Fontana di Trevi","publisher":{"@id":"https:\/\/hoteltrevirome.com\/fr\/#organization"},"potentialAction":[{"@type":"SearchAction","target":{"@type":"EntryPoint","urlTemplate":"https:\/\/hoteltrevirome.com\/fr\/?s={search_term_string}"},"query-input":{"@type":"PropertyValueSpecification","valueRequired":true,"valueName":"search_term_string"}}],"inLanguage":"fr-FR"},{"@type":"Organization","@id":"https:\/\/hoteltrevirome.com\/fr\/#organization","name":"Trevi Collection Hotel a Roma","url":"https:\/\/hoteltrevirome.com\/fr\/","logo":{"@type":"ImageObject","inLanguage":"fr-FR","@id":"https:\/\/hoteltrevirome.com\/fr\/#\/schema\/logo\/image\/","url":"https:\/\/hoteltrevirome.com\/wp-content\/uploads\/2025\/11\/cropped-logo_20trevi.webp","contentUrl":"https:\/\/hoteltrevirome.com\/wp-content\/uploads\/2025\/11\/cropped-logo_20trevi.webp","width":347,"height":347,"caption":"Trevi Collection Hotel a Roma"},"image":{"@id":"https:\/\/hoteltrevirome.com\/fr\/#\/schema\/logo\/image\/"},"sameAs":["https:\/\/www.facebook.com\/profile.php?id=61576998643266#","https:\/\/www.instagram.com\/trevicollectionhotel?igsh=MWR2ZTM2azFqM2g1eQ&utm_source=qr"]}]}},"jetpack_sharing_enabled":true,"_links":{"self":[{"href":"https:\/\/hoteltrevirome.com\/fr\/wp-json\/wp\/v2\/pages\/2324","targetHints":{"allow":["GET"]}}],"collection":[{"href":"https:\/\/hoteltrevirome.com\/fr\/wp-json\/wp\/v2\/pages"}],"about":[{"href":"https:\/\/hoteltrevirome.com\/fr\/wp-json\/wp\/v2\/types\/page"}],"author":[{"embeddable":true,"href":"https:\/\/hoteltrevirome.com\/fr\/wp-json\/wp\/v2\/users\/1"}],"replies":[{"embeddable":true,"href":"https:\/\/hoteltrevirome.com\/fr\/wp-json\/wp\/v2\/comments?post=2324"}],"version-history":[{"count":7,"href":"https:\/\/hoteltrevirome.com\/fr\/wp-json\/wp\/v2\/pages\/2324\/revisions"}],"predecessor-version":[{"id":4639,"href":"https:\/\/hoteltrevirome.com\/fr\/wp-json\/wp\/v2\/pages\/2324\/revisions\/4639"}],"wp:attachment":[{"href":"https:\/\/hoteltrevirome.com\/fr\/wp-json\/wp\/v2\/media?parent=2324"}],"curies":[{"name":"wp","href":"https:\/\/api.w.org\/{rel}","templated":true}]}}