{"id":2328,"date":"2025-06-19T13:28:11","date_gmt":"2025-06-19T13:28:11","guid":{"rendered":"https:\/\/trevicollectionhotel.com\/hoteles\/"},"modified":"2026-01-13T14:22:30","modified_gmt":"2026-01-13T14:22:30","slug":"hotel","status":"publish","type":"page","link":"https:\/\/hoteltrevirome.com\/es\/hotel\/","title":{"rendered":"Hotel"},"content":{"rendered":"\t\t<div data-elementor-type=\"wp-page\" data-elementor-id=\"2328\" class=\"elementor elementor-2328 elementor-1096\" data-elementor-post-type=\"page\">\n\t\t\t\t\t\t<section class=\"elementor-section elementor-top-section elementor-element elementor-element-6f224e2 elementor-section-height-min-height elementor-section-boxed elementor-section-height-default elementor-section-items-middle\" data-id=\"6f224e2\" data-element_type=\"section\" data-e-type=\"section\" data-settings=\"{&quot;background_background&quot;:&quot;classic&quot;}\">\n\t\t\t\t\t\t<div class=\"elementor-container elementor-column-gap-default\">\n\t\t\t\t\t<div class=\"elementor-column elementor-col-100 elementor-top-column elementor-element elementor-element-c2b85b0\" data-id=\"c2b85b0\" data-element_type=\"column\" data-e-type=\"column\">\n\t\t\t<div class=\"elementor-widget-wrap\">\n\t\t\t\t\t\t\t<\/div>\n\t\t<\/div>\n\t\t\t\t\t<\/div>\n\t\t<\/section>\n\t\t\t\t<section class=\"elementor-section elementor-top-section elementor-element elementor-element-aa089c9 elementor-section-boxed elementor-section-height-default elementor-section-height-default\" data-id=\"aa089c9\" data-element_type=\"section\" data-e-type=\"section\" data-settings=\"{&quot;background_background&quot;:&quot;classic&quot;}\">\n\t\t\t\t\t\t<div class=\"elementor-container elementor-column-gap-default\">\n\t\t\t\t\t<div class=\"elementor-column elementor-col-100 elementor-top-column elementor-element elementor-element-29152d3\" data-id=\"29152d3\" data-element_type=\"column\" data-e-type=\"column\">\n\t\t\t<div class=\"elementor-widget-wrap elementor-element-populated\">\n\t\t\t\t\t\t<div class=\"elementor-element elementor-element-956e924 elementor-widget__width-auto elementor-hidden-tablet elementor-hidden-mobile elementor-widget-divider--view-line elementor-widget elementor-widget-divider\" data-id=\"956e924\" data-element_type=\"widget\" data-e-type=\"widget\" data-widget_type=\"divider.default\">\n\t\t\t\t<div class=\"elementor-widget-container\">\n\t\t\t\t\t\t\t<div class=\"elementor-divider\">\n\t\t\t<span class=\"elementor-divider-separator\">\n\t\t\t\t\t\t<\/span>\n\t\t<\/div>\n\t\t\t\t\t\t<\/div>\n\t\t\t\t<\/div>\n\t\t\t\t<div class=\"elementor-element elementor-element-0ad63e2 elementor-widget__width-auto elementor-widget elementor-widget-heading\" data-id=\"0ad63e2\" data-element_type=\"widget\" data-e-type=\"widget\" data-widget_type=\"heading.default\">\n\t\t\t\t<div class=\"elementor-widget-container\">\n\t\t\t\t\t<h1 class=\"elementor-heading-title elementor-size-default\"> Hotel Trevi<\/h1>\t\t\t\t<\/div>\n\t\t\t\t<\/div>\n\t\t\t\t\t<\/div>\n\t\t<\/div>\n\t\t\t\t\t<\/div>\n\t\t<\/section>\n\t\t\t\t<section class=\"elementor-section elementor-top-section elementor-element elementor-element-20ccd7b elementor-section-content-middle elementor-section-boxed elementor-section-height-default elementor-section-height-default\" data-id=\"20ccd7b\" data-element_type=\"section\" data-e-type=\"section\" data-settings=\"{&quot;background_background&quot;:&quot;classic&quot;}\">\n\t\t\t\t\t\t<div class=\"elementor-container elementor-column-gap-no\">\n\t\t\t\t\t<div class=\"elementor-column elementor-col-50 elementor-top-column elementor-element elementor-element-ccc226d\" data-id=\"ccc226d\" data-element_type=\"column\" data-e-type=\"column\">\n\t\t\t<div class=\"elementor-widget-wrap elementor-element-populated\">\n\t\t\t\t\t\t<div class=\"elementor-element elementor-element-321079d elementor-widget elementor-widget-text-editor\" data-id=\"321079d\" data-element_type=\"widget\" data-e-type=\"widget\" data-widget_type=\"text-editor.default\">\n\t\t\t\t<div class=\"elementor-widget-container\">\n\t\t\t\t\t\t\t\t\t<p>El Hotel Trevi es un aut\u00e9ntico hotel de <strong>varios edificios<\/strong> en el coraz\u00f3n de Roma: una armoniosa combinaci\u00f3n de espl\u00e9ndidos edificios hist\u00f3ricos, todos a poca distancia unos de otros. La recepci\u00f3n se encuentra en el elegante edificio principal. Aqu\u00ed se encuentran las habitaciones interiores, la sala de desayunos y el vest\u00edbulo, mientras que cerca se encuentran nuestros anexos y suites, ubicados en edificios de \u00e9poca cuidadosamente restaurados. Diferentes opciones de alojamiento, un mismo estilo: la elegancia natural y el gusto impecable que siempre han distinguido la hospitalidad del Hotel Trevi.<\/p><p>Los techos con vigas de madera a la vista, los materiales aut\u00e9nticos y los detalles arquitect\u00f3nicos originales impregnan las habitaciones de un encanto antiguo y profundamente romano. Este car\u00e1cter tradicional se fusiona con un dise\u00f1o moderno y sofisticado: l\u00edneas limpias, iluminaci\u00f3n LED, colores neutros que evocan la piedra y la madera, y toques decorativos contempor\u00e1neos que aportan ritmo y personalidad a las estancias.<\/p><p>Aqu\u00ed, la comodidad no es un concepto abstracto, sino una experiencia tangible: cada habitaci\u00f3n, tanto en el edificio principal como en los anexos exteriores, ofrece espacios refinados que sorprenden por su amplitud, tranquilidad y atenci\u00f3n al detalle. Los anexos, f\u00e1cilmente identificables por sus elegantes letreros luminosos, a\u00f1aden un agradable toque de privacidad y lujo a una estancia ya de por s\u00ed impecable.<\/p><p>Nuestras suites realzan a\u00fan m\u00e1s la belleza de los edificios que las albergan: antiguos arcos de ladrillo, amplias duchas con guijarros de r\u00edo, tranquilos patios interiores y terrazas con pintorescas vistas hacen que cada alojamiento sea \u00fanico e inolvidable. En todas partes, los hu\u00e9spedes encontrar\u00e1n la misma calidad de servicio y la constante asistencia de nuestro personal.<\/p><p>Todo esto, y su inmediata proximidad a la famosa Fuente de Trevi, hacen del Hotel Trevi una aut\u00e9ntica garant\u00eda de calidad italiana, donde historia, belleza y confort se funden en una experiencia de estancia \u00fanica.<\/p>\t\t\t\t\t\t\t\t<\/div>\n\t\t\t\t<\/div>\n\t\t\t\t\t<\/div>\n\t\t<\/div>\n\t\t\t\t<div class=\"elementor-column elementor-col-50 elementor-top-column elementor-element elementor-element-f1bb709\" data-id=\"f1bb709\" data-element_type=\"column\" data-e-type=\"column\">\n\t\t\t<div class=\"elementor-widget-wrap elementor-element-populated\">\n\t\t\t\t\t\t<div class=\"elementor-element elementor-element-1b9c726 elementor-widget elementor-widget-gallery\" data-id=\"1b9c726\" data-element_type=\"widget\" data-e-type=\"widget\" data-settings=\"{&quot;columns&quot;:2,&quot;aspect_ratio&quot;:&quot;1:1&quot;,&quot;lazyload&quot;:&quot;yes&quot;,&quot;gallery_layout&quot;:&quot;grid&quot;,&quot;columns_tablet&quot;:2,&quot;columns_mobile&quot;:1,&quot;gap&quot;:{&quot;unit&quot;:&quot;px&quot;,&quot;size&quot;:10,&quot;sizes&quot;:[]},&quot;gap_tablet&quot;:{&quot;unit&quot;:&quot;px&quot;,&quot;size&quot;:10,&quot;sizes&quot;:[]},&quot;gap_mobile&quot;:{&quot;unit&quot;:&quot;px&quot;,&quot;size&quot;:10,&quot;sizes&quot;:[]},&quot;overlay_background&quot;:&quot;yes&quot;,&quot;content_hover_animation&quot;:&quot;fade-in&quot;}\" data-widget_type=\"gallery.default\">\n\t\t\t\t<div class=\"elementor-widget-container\">\n\t\t\t\t\t\t\t<div class=\"elementor-gallery__container\">\n\t\t\t\t\t\t\t<div class=\"e-gallery-item elementor-gallery-item elementor-animated-content\">\n\t\t\t\t\t<div class=\"e-gallery-image elementor-gallery-item__image\" data-thumbnail=\"https:\/\/hoteltrevirome.com\/wp-content\/uploads\/2025\/12\/Camera-Superior-3.webp\" data-width=\"1020\" data-height=\"1020\" aria-label=\"\" role=\"img\" ><\/div>\n\t\t\t\t\t\t\t\t\t\t\t<div class=\"elementor-gallery-item__overlay\"><\/div>\n\t\t\t\t\t\t\t\t\t\t\t\t\t\t<\/div>\n\t\t\t\t\t\t\t<div class=\"e-gallery-item elementor-gallery-item elementor-animated-content\">\n\t\t\t\t\t<div class=\"e-gallery-image elementor-gallery-item__image\" data-thumbnail=\"https:\/\/hoteltrevirome.com\/wp-content\/uploads\/2025\/06\/DSC9118-1.webp\" data-width=\"605\" data-height=\"465\" aria-label=\"\" role=\"img\" ><\/div>\n\t\t\t\t\t\t\t\t\t\t\t<div class=\"elementor-gallery-item__overlay\"><\/div>\n\t\t\t\t\t\t\t\t\t\t\t\t\t\t<\/div>\n\t\t\t\t\t\t\t<div class=\"e-gallery-item elementor-gallery-item elementor-animated-content\">\n\t\t\t\t\t<div class=\"e-gallery-image elementor-gallery-item__image\" data-thumbnail=\"https:\/\/hoteltrevirome.com\/wp-content\/uploads\/2025\/12\/Hotel-Trevi-Camera-Standard-Interna-1.webp\" data-width=\"1020\" data-height=\"1020\" aria-label=\"\" role=\"img\" ><\/div>\n\t\t\t\t\t\t\t\t\t\t\t<div class=\"elementor-gallery-item__overlay\"><\/div>\n\t\t\t\t\t\t\t\t\t\t\t\t\t\t<\/div>\n\t\t\t\t\t\t\t<div class=\"e-gallery-item elementor-gallery-item elementor-animated-content\">\n\t\t\t\t\t<div class=\"e-gallery-image elementor-gallery-item__image\" data-thumbnail=\"https:\/\/hoteltrevirome.com\/wp-content\/uploads\/2025\/12\/Hotel-Trevi-Rome_sectionHP.webp\" data-width=\"1920\" data-height=\"1275\" aria-label=\"\" role=\"img\" ><\/div>\n\t\t\t\t\t\t\t\t\t\t\t<div class=\"elementor-gallery-item__overlay\"><\/div>\n\t\t\t\t\t\t\t\t\t\t\t\t\t\t<\/div>\n\t\t\t\t\t\t\t<div class=\"e-gallery-item elementor-gallery-item elementor-animated-content\">\n\t\t\t\t\t<div class=\"e-gallery-image elementor-gallery-item__image\" data-thumbnail=\"https:\/\/hoteltrevirome.com\/wp-content\/uploads\/2025\/06\/PsHMrR1A-1.webp\" data-width=\"605\" data-height=\"465\" aria-label=\"\" role=\"img\" ><\/div>\n\t\t\t\t\t\t\t\t\t\t\t<div class=\"elementor-gallery-item__overlay\"><\/div>\n\t\t\t\t\t\t\t\t\t\t\t\t\t\t<\/div>\n\t\t\t\t\t\t\t<div class=\"e-gallery-item elementor-gallery-item elementor-animated-content\">\n\t\t\t\t\t<div class=\"e-gallery-image elementor-gallery-item__image\" data-thumbnail=\"https:\/\/hoteltrevirome.com\/wp-content\/uploads\/2025\/06\/Camera-Superior-4-1.webp\" data-width=\"605\" data-height=\"465\" aria-label=\"\" role=\"img\" ><\/div>\n\t\t\t\t\t\t\t\t\t\t\t<div class=\"elementor-gallery-item__overlay\"><\/div>\n\t\t\t\t\t\t\t\t\t\t\t\t\t\t<\/div>\n\t\t\t\t\t\t\t<div class=\"e-gallery-item elementor-gallery-item elementor-animated-content\">\n\t\t\t\t\t<div class=\"e-gallery-image elementor-gallery-item__image\" data-thumbnail=\"https:\/\/hoteltrevirome.com\/wp-content\/uploads\/2025\/06\/DSC9143.webp\" data-width=\"605\" data-height=\"465\" aria-label=\"\" role=\"img\" ><\/div>\n\t\t\t\t\t\t\t\t\t\t\t<div class=\"elementor-gallery-item__overlay\"><\/div>\n\t\t\t\t\t\t\t\t\t\t\t\t\t\t<\/div>\n\t\t\t\t\t\t\t<div class=\"e-gallery-item elementor-gallery-item elementor-animated-content\">\n\t\t\t\t\t<div class=\"e-gallery-image elementor-gallery-item__image\" data-thumbnail=\"https:\/\/hoteltrevirome.com\/wp-content\/uploads\/2025\/12\/DSC2282.webp\" data-width=\"698\" data-height=\"523\" aria-label=\"\" role=\"img\" ><\/div>\n\t\t\t\t\t\t\t\t\t\t\t<div class=\"elementor-gallery-item__overlay\"><\/div>\n\t\t\t\t\t\t\t\t\t\t\t\t\t\t<\/div>\n\t\t\t\t\t<\/div>\n\t\t\t\t\t<\/div>\n\t\t\t\t<\/div>\n\t\t\t\t\t<\/div>\n\t\t<\/div>\n\t\t\t\t\t<\/div>\n\t\t<\/section>\n\t\t\t\t<\/div>\n\t\t","protected":false},"excerpt":{"rendered":"<p>Hotel Trevi El Hotel Trevi es un aut\u00e9ntico hotel de varios edificios en el coraz\u00f3n de Roma: una armoniosa combinaci\u00f3n de espl\u00e9ndidos edificios hist\u00f3ricos, todos a poca distancia unos de otros. La recepci\u00f3n se encuentra en el elegante edificio principal. &hellip; <a href=\"https:\/\/hoteltrevirome.com\/es\/hotel\/\">Read More<\/a><\/p>\n","protected":false},"author":1,"featured_media":0,"parent":0,"menu_order":0,"comment_status":"closed","ping_status":"closed","template":"","meta":{"footnotes":""},"class_list":["post-2328","page","type-page","status-publish","hentry"],"yoast_head":"<!-- This site is optimized with the Yoast SEO plugin v27.3 - https:\/\/yoast.com\/product\/yoast-seo-wordpress\/ -->\n<title>Hotel - Hotel Trevi Roma<\/title>\n<meta name=\"robots\" content=\"index, follow, max-snippet:-1, max-image-preview:large, max-video-preview:-1\" \/>\n<link rel=\"canonical\" href=\"https:\/\/hoteltrevirome.com\/es\/hotel\/\" \/>\n<meta property=\"og:locale\" content=\"es_ES\" \/>\n<meta property=\"og:type\" content=\"article\" \/>\n<meta property=\"og:title\" content=\"Hotel - Hotel Trevi Roma\" \/>\n<meta property=\"og:description\" content=\"Hotel Trevi El Hotel Trevi es un aut\u00e9ntico hotel de varios edificios en el coraz\u00f3n de Roma: una armoniosa combinaci\u00f3n de espl\u00e9ndidos edificios hist\u00f3ricos, todos a poca distancia unos de otros. La recepci\u00f3n se encuentra en el elegante edificio principal. &hellip; Read More\" \/>\n<meta property=\"og:url\" content=\"https:\/\/hoteltrevirome.com\/es\/hotel\/\" \/>\n<meta property=\"og:site_name\" content=\"Hotel Trevi Roma\" \/>\n<meta property=\"article:publisher\" content=\"https:\/\/www.facebook.com\/profile.php?id=61576998643266#\" \/>\n<meta property=\"article:modified_time\" content=\"2026-01-13T14:22:30+00:00\" \/>\n<meta name=\"twitter:card\" content=\"summary_large_image\" \/>\n<meta name=\"twitter:label1\" content=\"Tiempo de lectura\" \/>\n\t<meta name=\"twitter:data1\" content=\"2 minutos\" \/>\n<script type=\"application\/ld+json\" class=\"yoast-schema-graph\">{\"@context\":\"https:\\\/\\\/schema.org\",\"@graph\":[{\"@type\":\"WebPage\",\"@id\":\"https:\\\/\\\/hoteltrevirome.com\\\/es\\\/hotel\\\/\",\"url\":\"https:\\\/\\\/hoteltrevirome.com\\\/es\\\/hotel\\\/\",\"name\":\"Hotel - Hotel Trevi Roma\",\"isPartOf\":{\"@id\":\"https:\\\/\\\/hoteltrevirome.com\\\/es\\\/#website\"},\"datePublished\":\"2025-06-19T13:28:11+00:00\",\"dateModified\":\"2026-01-13T14:22:30+00:00\",\"breadcrumb\":{\"@id\":\"https:\\\/\\\/hoteltrevirome.com\\\/es\\\/hotel\\\/#breadcrumb\"},\"inLanguage\":\"es\",\"potentialAction\":[{\"@type\":\"ReadAction\",\"target\":[\"https:\\\/\\\/hoteltrevirome.com\\\/es\\\/hotel\\\/\"]}]},{\"@type\":\"BreadcrumbList\",\"@id\":\"https:\\\/\\\/hoteltrevirome.com\\\/es\\\/hotel\\\/#breadcrumb\",\"itemListElement\":[{\"@type\":\"ListItem\",\"position\":1,\"name\":\"Home\",\"item\":\"https:\\\/\\\/hoteltrevirome.com\\\/es\\\/home-3\\\/\"},{\"@type\":\"ListItem\",\"position\":2,\"name\":\"Hotel\"}]},{\"@type\":\"WebSite\",\"@id\":\"https:\\\/\\\/hoteltrevirome.com\\\/es\\\/#website\",\"url\":\"https:\\\/\\\/hoteltrevirome.com\\\/es\\\/\",\"name\":\"Trevi Collection Hotel a Roma\",\"description\":\"Hotel 3 Stelle vicino Fontana di Trevi\",\"publisher\":{\"@id\":\"https:\\\/\\\/hoteltrevirome.com\\\/es\\\/#organization\"},\"potentialAction\":[{\"@type\":\"SearchAction\",\"target\":{\"@type\":\"EntryPoint\",\"urlTemplate\":\"https:\\\/\\\/hoteltrevirome.com\\\/es\\\/?s={search_term_string}\"},\"query-input\":{\"@type\":\"PropertyValueSpecification\",\"valueRequired\":true,\"valueName\":\"search_term_string\"}}],\"inLanguage\":\"es\"},{\"@type\":\"Organization\",\"@id\":\"https:\\\/\\\/hoteltrevirome.com\\\/es\\\/#organization\",\"name\":\"Trevi Collection Hotel a Roma\",\"url\":\"https:\\\/\\\/hoteltrevirome.com\\\/es\\\/\",\"logo\":{\"@type\":\"ImageObject\",\"inLanguage\":\"es\",\"@id\":\"https:\\\/\\\/hoteltrevirome.com\\\/es\\\/#\\\/schema\\\/logo\\\/image\\\/\",\"url\":\"https:\\\/\\\/hoteltrevirome.com\\\/wp-content\\\/uploads\\\/2025\\\/11\\\/cropped-logo_20trevi.webp\",\"contentUrl\":\"https:\\\/\\\/hoteltrevirome.com\\\/wp-content\\\/uploads\\\/2025\\\/11\\\/cropped-logo_20trevi.webp\",\"width\":347,\"height\":347,\"caption\":\"Trevi Collection Hotel a Roma\"},\"image\":{\"@id\":\"https:\\\/\\\/hoteltrevirome.com\\\/es\\\/#\\\/schema\\\/logo\\\/image\\\/\"},\"sameAs\":[\"https:\\\/\\\/www.facebook.com\\\/profile.php?id=61576998643266#\",\"https:\\\/\\\/www.instagram.com\\\/trevicollectionhotel?igsh=MWR2ZTM2azFqM2g1eQ&utm_source=qr\"]}]}<\/script>\n<!-- \/ Yoast SEO plugin. -->","yoast_head_json":{"title":"Hotel - Hotel Trevi Roma","robots":{"index":"index","follow":"follow","max-snippet":"max-snippet:-1","max-image-preview":"max-image-preview:large","max-video-preview":"max-video-preview:-1"},"canonical":"https:\/\/hoteltrevirome.com\/es\/hotel\/","og_locale":"es_ES","og_type":"article","og_title":"Hotel - Hotel Trevi Roma","og_description":"Hotel Trevi El Hotel Trevi es un aut\u00e9ntico hotel de varios edificios en el coraz\u00f3n de Roma: una armoniosa combinaci\u00f3n de espl\u00e9ndidos edificios hist\u00f3ricos, todos a poca distancia unos de otros. La recepci\u00f3n se encuentra en el elegante edificio principal. &hellip; Read More","og_url":"https:\/\/hoteltrevirome.com\/es\/hotel\/","og_site_name":"Hotel Trevi Roma","article_publisher":"https:\/\/www.facebook.com\/profile.php?id=61576998643266#","article_modified_time":"2026-01-13T14:22:30+00:00","twitter_card":"summary_large_image","twitter_misc":{"Tiempo de lectura":"2 minutos"},"schema":{"@context":"https:\/\/schema.org","@graph":[{"@type":"WebPage","@id":"https:\/\/hoteltrevirome.com\/es\/hotel\/","url":"https:\/\/hoteltrevirome.com\/es\/hotel\/","name":"Hotel - Hotel Trevi Roma","isPartOf":{"@id":"https:\/\/hoteltrevirome.com\/es\/#website"},"datePublished":"2025-06-19T13:28:11+00:00","dateModified":"2026-01-13T14:22:30+00:00","breadcrumb":{"@id":"https:\/\/hoteltrevirome.com\/es\/hotel\/#breadcrumb"},"inLanguage":"es","potentialAction":[{"@type":"ReadAction","target":["https:\/\/hoteltrevirome.com\/es\/hotel\/"]}]},{"@type":"BreadcrumbList","@id":"https:\/\/hoteltrevirome.com\/es\/hotel\/#breadcrumb","itemListElement":[{"@type":"ListItem","position":1,"name":"Home","item":"https:\/\/hoteltrevirome.com\/es\/home-3\/"},{"@type":"ListItem","position":2,"name":"Hotel"}]},{"@type":"WebSite","@id":"https:\/\/hoteltrevirome.com\/es\/#website","url":"https:\/\/hoteltrevirome.com\/es\/","name":"Trevi Collection Hotel a Roma","description":"Hotel 3 Stelle vicino Fontana di Trevi","publisher":{"@id":"https:\/\/hoteltrevirome.com\/es\/#organization"},"potentialAction":[{"@type":"SearchAction","target":{"@type":"EntryPoint","urlTemplate":"https:\/\/hoteltrevirome.com\/es\/?s={search_term_string}"},"query-input":{"@type":"PropertyValueSpecification","valueRequired":true,"valueName":"search_term_string"}}],"inLanguage":"es"},{"@type":"Organization","@id":"https:\/\/hoteltrevirome.com\/es\/#organization","name":"Trevi Collection Hotel a Roma","url":"https:\/\/hoteltrevirome.com\/es\/","logo":{"@type":"ImageObject","inLanguage":"es","@id":"https:\/\/hoteltrevirome.com\/es\/#\/schema\/logo\/image\/","url":"https:\/\/hoteltrevirome.com\/wp-content\/uploads\/2025\/11\/cropped-logo_20trevi.webp","contentUrl":"https:\/\/hoteltrevirome.com\/wp-content\/uploads\/2025\/11\/cropped-logo_20trevi.webp","width":347,"height":347,"caption":"Trevi Collection Hotel a Roma"},"image":{"@id":"https:\/\/hoteltrevirome.com\/es\/#\/schema\/logo\/image\/"},"sameAs":["https:\/\/www.facebook.com\/profile.php?id=61576998643266#","https:\/\/www.instagram.com\/trevicollectionhotel?igsh=MWR2ZTM2azFqM2g1eQ&utm_source=qr"]}]}},"jetpack_sharing_enabled":true,"_links":{"self":[{"href":"https:\/\/hoteltrevirome.com\/es\/wp-json\/wp\/v2\/pages\/2328","targetHints":{"allow":["GET"]}}],"collection":[{"href":"https:\/\/hoteltrevirome.com\/es\/wp-json\/wp\/v2\/pages"}],"about":[{"href":"https:\/\/hoteltrevirome.com\/es\/wp-json\/wp\/v2\/types\/page"}],"author":[{"embeddable":true,"href":"https:\/\/hoteltrevirome.com\/es\/wp-json\/wp\/v2\/users\/1"}],"replies":[{"embeddable":true,"href":"https:\/\/hoteltrevirome.com\/es\/wp-json\/wp\/v2\/comments?post=2328"}],"version-history":[{"count":7,"href":"https:\/\/hoteltrevirome.com\/es\/wp-json\/wp\/v2\/pages\/2328\/revisions"}],"predecessor-version":[{"id":4693,"href":"https:\/\/hoteltrevirome.com\/es\/wp-json\/wp\/v2\/pages\/2328\/revisions\/4693"}],"wp:attachment":[{"href":"https:\/\/hoteltrevirome.com\/es\/wp-json\/wp\/v2\/media?parent=2328"}],"curies":[{"name":"wp","href":"https:\/\/api.w.org\/{rel}","templated":true}]}}