{"id":2625,"date":"2025-06-19T13:28:11","date_gmt":"2025-06-19T13:28:11","guid":{"rendered":"https:\/\/trevicollectionhotel.com\/hotel\/"},"modified":"2026-01-20T12:14:01","modified_gmt":"2026-01-20T12:14:01","slug":"hotel","status":"publish","type":"page","link":"https:\/\/hoteltrevirome.com\/de\/hotel\/","title":{"rendered":"Hotel"},"content":{"rendered":"\t\t<div data-elementor-type=\"wp-page\" data-elementor-id=\"2625\" class=\"elementor elementor-2625 elementor-1096\" data-elementor-post-type=\"page\">\n\t\t\t\t\t\t<section class=\"elementor-section elementor-top-section elementor-element elementor-element-6f224e2 elementor-section-height-min-height elementor-section-boxed elementor-section-height-default elementor-section-items-middle\" data-id=\"6f224e2\" data-element_type=\"section\" data-e-type=\"section\" data-settings=\"{&quot;background_background&quot;:&quot;classic&quot;}\">\n\t\t\t\t\t\t<div class=\"elementor-container elementor-column-gap-default\">\n\t\t\t\t\t<div class=\"elementor-column elementor-col-100 elementor-top-column elementor-element elementor-element-c2b85b0\" data-id=\"c2b85b0\" data-element_type=\"column\" data-e-type=\"column\">\n\t\t\t<div class=\"elementor-widget-wrap\">\n\t\t\t\t\t\t\t<\/div>\n\t\t<\/div>\n\t\t\t\t\t<\/div>\n\t\t<\/section>\n\t\t\t\t<section class=\"elementor-section elementor-top-section elementor-element elementor-element-aa089c9 elementor-section-boxed elementor-section-height-default elementor-section-height-default\" data-id=\"aa089c9\" data-element_type=\"section\" data-e-type=\"section\" data-settings=\"{&quot;background_background&quot;:&quot;classic&quot;}\">\n\t\t\t\t\t\t<div class=\"elementor-container elementor-column-gap-default\">\n\t\t\t\t\t<div class=\"elementor-column elementor-col-100 elementor-top-column elementor-element elementor-element-29152d3\" data-id=\"29152d3\" data-element_type=\"column\" data-e-type=\"column\">\n\t\t\t<div class=\"elementor-widget-wrap elementor-element-populated\">\n\t\t\t\t\t\t<div class=\"elementor-element elementor-element-956e924 elementor-widget__width-auto elementor-hidden-tablet elementor-hidden-mobile elementor-widget-divider--view-line elementor-widget elementor-widget-divider\" data-id=\"956e924\" data-element_type=\"widget\" data-e-type=\"widget\" data-widget_type=\"divider.default\">\n\t\t\t\t<div class=\"elementor-widget-container\">\n\t\t\t\t\t\t\t<div class=\"elementor-divider\">\n\t\t\t<span class=\"elementor-divider-separator\">\n\t\t\t\t\t\t<\/span>\n\t\t<\/div>\n\t\t\t\t\t\t<\/div>\n\t\t\t\t<\/div>\n\t\t\t\t<div class=\"elementor-element elementor-element-0ad63e2 elementor-widget__width-auto elementor-widget elementor-widget-heading\" data-id=\"0ad63e2\" data-element_type=\"widget\" data-e-type=\"widget\" data-widget_type=\"heading.default\">\n\t\t\t\t<div class=\"elementor-widget-container\">\n\t\t\t\t\t<h1 class=\"elementor-heading-title elementor-size-default\"> Hotel Trevi<\/h1>\t\t\t\t<\/div>\n\t\t\t\t<\/div>\n\t\t\t\t\t<\/div>\n\t\t<\/div>\n\t\t\t\t\t<\/div>\n\t\t<\/section>\n\t\t\t\t<section class=\"elementor-section elementor-top-section elementor-element elementor-element-20ccd7b elementor-section-content-middle elementor-section-boxed elementor-section-height-default elementor-section-height-default\" data-id=\"20ccd7b\" data-element_type=\"section\" data-e-type=\"section\" data-settings=\"{&quot;background_background&quot;:&quot;classic&quot;}\">\n\t\t\t\t\t\t<div class=\"elementor-container elementor-column-gap-no\">\n\t\t\t\t\t<div class=\"elementor-column elementor-col-50 elementor-top-column elementor-element elementor-element-ccc226d\" data-id=\"ccc226d\" data-element_type=\"column\" data-e-type=\"column\">\n\t\t\t<div class=\"elementor-widget-wrap elementor-element-populated\">\n\t\t\t\t\t\t<div class=\"elementor-element elementor-element-321079d elementor-widget elementor-widget-text-editor\" data-id=\"321079d\" data-element_type=\"widget\" data-e-type=\"widget\" data-widget_type=\"text-editor.default\">\n\t\t\t\t<div class=\"elementor-widget-container\">\n\t\t\t\t\t\t\t\t\t<p>Das Hotel Trevi ist ein <strong>wahres Mehrfamilienhaus<\/strong> im Herzen Roms: ein harmonisches Ensemble pr\u00e4chtiger historischer Geb\u00e4ude, die alle bequem zu Fu\u00df erreichbar sind. Die Rezeption befindet sich im eleganten Hauptgeb\u00e4ude. Hier liegen auch die Zimmer, der Fr\u00fchst\u00fccksraum und die Lobby. In unmittelbarer N\u00e4he befinden sich unsere Nebengeb\u00e4ude und Suiten, untergebracht in sorgf\u00e4ltig renovierten historischen Geb\u00e4uden. Unterschiedliche Unterk\u00fcnfte, ein einheitlicher Stil: die nat\u00fcrliche Eleganz und der makellose Geschmack, die die Gastfreundschaft des Hotel Trevi seit jeher auszeichnen.<\/p><p>Sichtbare Holzbalkendecken, authentische Materialien und originale architektonische Details verleihen den Zimmern einen antiken, zutiefst r\u00f6mischen Charme. Dieser traditionelle Charakter verbindet sich mit einem modernen und anspruchsvollen Design: klare Linien, LED-Beleuchtung, neutrale Farben, die an Stein und Holz erinnern, und zeitgen\u00f6ssische Dekorationselemente, die den Zimmern Rhythmus und Pers\u00f6nlichkeit verleihen.<\/p><p>Hier ist \u201eKomfort\u201c kein abstrakter Begriff, sondern gelebte Erfahrung: Jedes Zimmer, sowohl im Hauptgeb\u00e4ude als auch in den Nebengeb\u00e4uden, bietet stilvolle R\u00e4umlichkeiten, die durch ihre Gro\u00dfz\u00fcgigkeit, Ruhe und Liebe zum Detail \u00fcberraschen. Die Nebengeb\u00e4ude, die dank eleganter Leuchtschilder leicht zu erkennen sind, verleihen dem ohnehin schon makellosen Aufenthalt eine angenehme Note von Privatsph\u00e4re und Luxus.<\/p><p>Unsere Suiten unterstreichen die Sch\u00f6nheit der Geb\u00e4ude, in denen sie sich befinden: Antike Backsteinb\u00f6gen, ger\u00e4umige Duschen mit Flusskieseln, ruhige Innenh\u00f6fe und Terrassen mit malerischem Ausblick machen jede Unterkunft einzigartig und unvergesslich. \u00dcberall genie\u00dfen unsere G\u00e4ste denselben erstklassigen Service und die st\u00e4ndige Unterst\u00fctzung unserer Mitarbeiter.<\/p><p>All dies, kombiniert mit der unmittelbaren N\u00e4he zum ber\u00fchmten Trevi-Brunnen, macht das Hotel Trevi zu einem wahren Garanten italienischer Qualit\u00e4t, wo Geschichte, Sch\u00f6nheit und Komfort zu einem einzigartigen Aufenthaltserlebnis verschmelzen.<\/p><p>\u00a0<\/p>\t\t\t\t\t\t\t\t<\/div>\n\t\t\t\t<\/div>\n\t\t\t\t\t<\/div>\n\t\t<\/div>\n\t\t\t\t<div class=\"elementor-column elementor-col-50 elementor-top-column elementor-element elementor-element-f1bb709\" data-id=\"f1bb709\" data-element_type=\"column\" data-e-type=\"column\">\n\t\t\t<div class=\"elementor-widget-wrap elementor-element-populated\">\n\t\t\t\t\t\t<div class=\"elementor-element elementor-element-1b9c726 elementor-widget elementor-widget-gallery\" data-id=\"1b9c726\" data-element_type=\"widget\" data-e-type=\"widget\" data-settings=\"{&quot;columns&quot;:2,&quot;aspect_ratio&quot;:&quot;1:1&quot;,&quot;lazyload&quot;:&quot;yes&quot;,&quot;gallery_layout&quot;:&quot;grid&quot;,&quot;columns_tablet&quot;:2,&quot;columns_mobile&quot;:1,&quot;gap&quot;:{&quot;unit&quot;:&quot;px&quot;,&quot;size&quot;:10,&quot;sizes&quot;:[]},&quot;gap_tablet&quot;:{&quot;unit&quot;:&quot;px&quot;,&quot;size&quot;:10,&quot;sizes&quot;:[]},&quot;gap_mobile&quot;:{&quot;unit&quot;:&quot;px&quot;,&quot;size&quot;:10,&quot;sizes&quot;:[]},&quot;overlay_background&quot;:&quot;yes&quot;,&quot;content_hover_animation&quot;:&quot;fade-in&quot;}\" data-widget_type=\"gallery.default\">\n\t\t\t\t<div class=\"elementor-widget-container\">\n\t\t\t\t\t\t\t<div class=\"elementor-gallery__container\">\n\t\t\t\t\t\t\t<div class=\"e-gallery-item elementor-gallery-item elementor-animated-content\">\n\t\t\t\t\t<div class=\"e-gallery-image elementor-gallery-item__image\" data-thumbnail=\"https:\/\/hoteltrevirome.com\/wp-content\/uploads\/2025\/12\/Camera-Superior-3.webp\" data-width=\"1020\" data-height=\"1020\" aria-label=\"\" role=\"img\" ><\/div>\n\t\t\t\t\t\t\t\t\t\t\t<div class=\"elementor-gallery-item__overlay\"><\/div>\n\t\t\t\t\t\t\t\t\t\t\t\t\t\t<\/div>\n\t\t\t\t\t\t\t<div class=\"e-gallery-item elementor-gallery-item elementor-animated-content\">\n\t\t\t\t\t<div class=\"e-gallery-image elementor-gallery-item__image\" data-thumbnail=\"https:\/\/hoteltrevirome.com\/wp-content\/uploads\/2025\/06\/DSC9118-1.webp\" data-width=\"605\" data-height=\"465\" aria-label=\"\" role=\"img\" ><\/div>\n\t\t\t\t\t\t\t\t\t\t\t<div class=\"elementor-gallery-item__overlay\"><\/div>\n\t\t\t\t\t\t\t\t\t\t\t\t\t\t<\/div>\n\t\t\t\t\t\t\t<div class=\"e-gallery-item elementor-gallery-item elementor-animated-content\">\n\t\t\t\t\t<div class=\"e-gallery-image elementor-gallery-item__image\" data-thumbnail=\"https:\/\/hoteltrevirome.com\/wp-content\/uploads\/2025\/12\/Hotel-Trevi-Camera-Standard-Interna-1.webp\" data-width=\"1020\" data-height=\"1020\" aria-label=\"\" role=\"img\" ><\/div>\n\t\t\t\t\t\t\t\t\t\t\t<div class=\"elementor-gallery-item__overlay\"><\/div>\n\t\t\t\t\t\t\t\t\t\t\t\t\t\t<\/div>\n\t\t\t\t\t\t\t<div class=\"e-gallery-item elementor-gallery-item elementor-animated-content\">\n\t\t\t\t\t<div class=\"e-gallery-image elementor-gallery-item__image\" data-thumbnail=\"https:\/\/hoteltrevirome.com\/wp-content\/uploads\/2025\/12\/Hotel-Trevi-Rome_sectionHP.webp\" data-width=\"1920\" data-height=\"1275\" aria-label=\"\" role=\"img\" ><\/div>\n\t\t\t\t\t\t\t\t\t\t\t<div class=\"elementor-gallery-item__overlay\"><\/div>\n\t\t\t\t\t\t\t\t\t\t\t\t\t\t<\/div>\n\t\t\t\t\t\t\t<div class=\"e-gallery-item elementor-gallery-item elementor-animated-content\">\n\t\t\t\t\t<div class=\"e-gallery-image elementor-gallery-item__image\" data-thumbnail=\"https:\/\/hoteltrevirome.com\/wp-content\/uploads\/2025\/06\/PsHMrR1A-1.webp\" data-width=\"605\" data-height=\"465\" aria-label=\"\" role=\"img\" ><\/div>\n\t\t\t\t\t\t\t\t\t\t\t<div class=\"elementor-gallery-item__overlay\"><\/div>\n\t\t\t\t\t\t\t\t\t\t\t\t\t\t<\/div>\n\t\t\t\t\t\t\t<div class=\"e-gallery-item elementor-gallery-item elementor-animated-content\">\n\t\t\t\t\t<div class=\"e-gallery-image elementor-gallery-item__image\" data-thumbnail=\"https:\/\/hoteltrevirome.com\/wp-content\/uploads\/2025\/06\/Camera-Superior-4-1.webp\" data-width=\"605\" data-height=\"465\" aria-label=\"\" role=\"img\" ><\/div>\n\t\t\t\t\t\t\t\t\t\t\t<div class=\"elementor-gallery-item__overlay\"><\/div>\n\t\t\t\t\t\t\t\t\t\t\t\t\t\t<\/div>\n\t\t\t\t\t\t\t<div class=\"e-gallery-item elementor-gallery-item elementor-animated-content\">\n\t\t\t\t\t<div class=\"e-gallery-image elementor-gallery-item__image\" data-thumbnail=\"https:\/\/hoteltrevirome.com\/wp-content\/uploads\/2025\/06\/DSC9143.webp\" data-width=\"605\" data-height=\"465\" aria-label=\"\" role=\"img\" ><\/div>\n\t\t\t\t\t\t\t\t\t\t\t<div class=\"elementor-gallery-item__overlay\"><\/div>\n\t\t\t\t\t\t\t\t\t\t\t\t\t\t<\/div>\n\t\t\t\t\t\t\t<div class=\"e-gallery-item elementor-gallery-item elementor-animated-content\">\n\t\t\t\t\t<div class=\"e-gallery-image elementor-gallery-item__image\" data-thumbnail=\"https:\/\/hoteltrevirome.com\/wp-content\/uploads\/2025\/12\/DSC2282.webp\" data-width=\"698\" data-height=\"523\" aria-label=\"\" role=\"img\" ><\/div>\n\t\t\t\t\t\t\t\t\t\t\t<div class=\"elementor-gallery-item__overlay\"><\/div>\n\t\t\t\t\t\t\t\t\t\t\t\t\t\t<\/div>\n\t\t\t\t\t<\/div>\n\t\t\t\t\t<\/div>\n\t\t\t\t<\/div>\n\t\t\t\t\t<\/div>\n\t\t<\/div>\n\t\t\t\t\t<\/div>\n\t\t<\/section>\n\t\t\t\t<\/div>\n\t\t","protected":false},"excerpt":{"rendered":"<p>Hotel Trevi Das Hotel Trevi ist ein wahres Mehrfamilienhaus im Herzen Roms: ein harmonisches Ensemble pr\u00e4chtiger historischer Geb\u00e4ude, die alle bequem zu Fu\u00df erreichbar sind. Die Rezeption befindet sich im eleganten Hauptgeb\u00e4ude. Hier liegen auch die Zimmer, der Fr\u00fchst\u00fccksraum und &hellip; <a href=\"https:\/\/hoteltrevirome.com\/de\/hotel\/\">Read More<\/a><\/p>\n","protected":false},"author":1,"featured_media":0,"parent":0,"menu_order":0,"comment_status":"closed","ping_status":"closed","template":"","meta":{"footnotes":""},"class_list":["post-2625","page","type-page","status-publish","hentry"],"yoast_head":"<!-- This site is optimized with the Yoast SEO plugin v27.3 - https:\/\/yoast.com\/product\/yoast-seo-wordpress\/ -->\n<title>Hotel - Hotel Trevi Roma<\/title>\n<meta name=\"robots\" content=\"index, follow, max-snippet:-1, max-image-preview:large, max-video-preview:-1\" \/>\n<link rel=\"canonical\" href=\"https:\/\/hoteltrevirome.com\/de\/hotel\/\" \/>\n<meta property=\"og:locale\" content=\"de_DE\" \/>\n<meta property=\"og:type\" content=\"article\" \/>\n<meta property=\"og:title\" content=\"Hotel - Hotel Trevi Roma\" \/>\n<meta property=\"og:description\" content=\"Hotel Trevi Das Hotel Trevi ist ein wahres Mehrfamilienhaus im Herzen Roms: ein harmonisches Ensemble pr\u00e4chtiger historischer Geb\u00e4ude, die alle bequem zu Fu\u00df erreichbar sind. Die Rezeption befindet sich im eleganten Hauptgeb\u00e4ude. Hier liegen auch die Zimmer, der Fr\u00fchst\u00fccksraum und &hellip; Read More\" \/>\n<meta property=\"og:url\" content=\"https:\/\/hoteltrevirome.com\/de\/hotel\/\" \/>\n<meta property=\"og:site_name\" content=\"Hotel Trevi Roma\" \/>\n<meta property=\"article:publisher\" content=\"https:\/\/www.facebook.com\/profile.php?id=61576998643266#\" \/>\n<meta property=\"article:modified_time\" content=\"2026-01-20T12:14:01+00:00\" \/>\n<meta name=\"twitter:card\" content=\"summary_large_image\" \/>\n<meta name=\"twitter:label1\" content=\"Gesch\u00e4tzte Lesezeit\" \/>\n\t<meta name=\"twitter:data1\" content=\"2\u00a0Minuten\" \/>\n<script type=\"application\/ld+json\" class=\"yoast-schema-graph\">{\"@context\":\"https:\\\/\\\/schema.org\",\"@graph\":[{\"@type\":\"WebPage\",\"@id\":\"https:\\\/\\\/hoteltrevirome.com\\\/de\\\/hotel\\\/\",\"url\":\"https:\\\/\\\/hoteltrevirome.com\\\/de\\\/hotel\\\/\",\"name\":\"Hotel - Hotel Trevi Roma\",\"isPartOf\":{\"@id\":\"https:\\\/\\\/hoteltrevirome.com\\\/de\\\/#website\"},\"datePublished\":\"2025-06-19T13:28:11+00:00\",\"dateModified\":\"2026-01-20T12:14:01+00:00\",\"breadcrumb\":{\"@id\":\"https:\\\/\\\/hoteltrevirome.com\\\/de\\\/hotel\\\/#breadcrumb\"},\"inLanguage\":\"de\",\"potentialAction\":[{\"@type\":\"ReadAction\",\"target\":[\"https:\\\/\\\/hoteltrevirome.com\\\/de\\\/hotel\\\/\"]}]},{\"@type\":\"BreadcrumbList\",\"@id\":\"https:\\\/\\\/hoteltrevirome.com\\\/de\\\/hotel\\\/#breadcrumb\",\"itemListElement\":[{\"@type\":\"ListItem\",\"position\":1,\"name\":\"Home\",\"item\":\"https:\\\/\\\/hoteltrevirome.com\\\/de\\\/home-3\\\/\"},{\"@type\":\"ListItem\",\"position\":2,\"name\":\"Hotel\"}]},{\"@type\":\"WebSite\",\"@id\":\"https:\\\/\\\/hoteltrevirome.com\\\/de\\\/#website\",\"url\":\"https:\\\/\\\/hoteltrevirome.com\\\/de\\\/\",\"name\":\"Trevi Collection Hotel a Roma\",\"description\":\"Hotel 3 Stelle vicino Fontana di Trevi\",\"publisher\":{\"@id\":\"https:\\\/\\\/hoteltrevirome.com\\\/de\\\/#organization\"},\"potentialAction\":[{\"@type\":\"SearchAction\",\"target\":{\"@type\":\"EntryPoint\",\"urlTemplate\":\"https:\\\/\\\/hoteltrevirome.com\\\/de\\\/?s={search_term_string}\"},\"query-input\":{\"@type\":\"PropertyValueSpecification\",\"valueRequired\":true,\"valueName\":\"search_term_string\"}}],\"inLanguage\":\"de\"},{\"@type\":\"Organization\",\"@id\":\"https:\\\/\\\/hoteltrevirome.com\\\/de\\\/#organization\",\"name\":\"Trevi Collection Hotel a Roma\",\"url\":\"https:\\\/\\\/hoteltrevirome.com\\\/de\\\/\",\"logo\":{\"@type\":\"ImageObject\",\"inLanguage\":\"de\",\"@id\":\"https:\\\/\\\/hoteltrevirome.com\\\/de\\\/#\\\/schema\\\/logo\\\/image\\\/\",\"url\":\"https:\\\/\\\/hoteltrevirome.com\\\/wp-content\\\/uploads\\\/2025\\\/11\\\/cropped-logo_20trevi.webp\",\"contentUrl\":\"https:\\\/\\\/hoteltrevirome.com\\\/wp-content\\\/uploads\\\/2025\\\/11\\\/cropped-logo_20trevi.webp\",\"width\":347,\"height\":347,\"caption\":\"Trevi Collection Hotel a Roma\"},\"image\":{\"@id\":\"https:\\\/\\\/hoteltrevirome.com\\\/de\\\/#\\\/schema\\\/logo\\\/image\\\/\"},\"sameAs\":[\"https:\\\/\\\/www.facebook.com\\\/profile.php?id=61576998643266#\",\"https:\\\/\\\/www.instagram.com\\\/trevicollectionhotel?igsh=MWR2ZTM2azFqM2g1eQ&utm_source=qr\"]}]}<\/script>\n<!-- \/ Yoast SEO plugin. -->","yoast_head_json":{"title":"Hotel - Hotel Trevi Roma","robots":{"index":"index","follow":"follow","max-snippet":"max-snippet:-1","max-image-preview":"max-image-preview:large","max-video-preview":"max-video-preview:-1"},"canonical":"https:\/\/hoteltrevirome.com\/de\/hotel\/","og_locale":"de_DE","og_type":"article","og_title":"Hotel - Hotel Trevi Roma","og_description":"Hotel Trevi Das Hotel Trevi ist ein wahres Mehrfamilienhaus im Herzen Roms: ein harmonisches Ensemble pr\u00e4chtiger historischer Geb\u00e4ude, die alle bequem zu Fu\u00df erreichbar sind. Die Rezeption befindet sich im eleganten Hauptgeb\u00e4ude. Hier liegen auch die Zimmer, der Fr\u00fchst\u00fccksraum und &hellip; Read More","og_url":"https:\/\/hoteltrevirome.com\/de\/hotel\/","og_site_name":"Hotel Trevi Roma","article_publisher":"https:\/\/www.facebook.com\/profile.php?id=61576998643266#","article_modified_time":"2026-01-20T12:14:01+00:00","twitter_card":"summary_large_image","twitter_misc":{"Gesch\u00e4tzte Lesezeit":"2\u00a0Minuten"},"schema":{"@context":"https:\/\/schema.org","@graph":[{"@type":"WebPage","@id":"https:\/\/hoteltrevirome.com\/de\/hotel\/","url":"https:\/\/hoteltrevirome.com\/de\/hotel\/","name":"Hotel - Hotel Trevi Roma","isPartOf":{"@id":"https:\/\/hoteltrevirome.com\/de\/#website"},"datePublished":"2025-06-19T13:28:11+00:00","dateModified":"2026-01-20T12:14:01+00:00","breadcrumb":{"@id":"https:\/\/hoteltrevirome.com\/de\/hotel\/#breadcrumb"},"inLanguage":"de","potentialAction":[{"@type":"ReadAction","target":["https:\/\/hoteltrevirome.com\/de\/hotel\/"]}]},{"@type":"BreadcrumbList","@id":"https:\/\/hoteltrevirome.com\/de\/hotel\/#breadcrumb","itemListElement":[{"@type":"ListItem","position":1,"name":"Home","item":"https:\/\/hoteltrevirome.com\/de\/home-3\/"},{"@type":"ListItem","position":2,"name":"Hotel"}]},{"@type":"WebSite","@id":"https:\/\/hoteltrevirome.com\/de\/#website","url":"https:\/\/hoteltrevirome.com\/de\/","name":"Trevi Collection Hotel a Roma","description":"Hotel 3 Stelle vicino Fontana di Trevi","publisher":{"@id":"https:\/\/hoteltrevirome.com\/de\/#organization"},"potentialAction":[{"@type":"SearchAction","target":{"@type":"EntryPoint","urlTemplate":"https:\/\/hoteltrevirome.com\/de\/?s={search_term_string}"},"query-input":{"@type":"PropertyValueSpecification","valueRequired":true,"valueName":"search_term_string"}}],"inLanguage":"de"},{"@type":"Organization","@id":"https:\/\/hoteltrevirome.com\/de\/#organization","name":"Trevi Collection Hotel a Roma","url":"https:\/\/hoteltrevirome.com\/de\/","logo":{"@type":"ImageObject","inLanguage":"de","@id":"https:\/\/hoteltrevirome.com\/de\/#\/schema\/logo\/image\/","url":"https:\/\/hoteltrevirome.com\/wp-content\/uploads\/2025\/11\/cropped-logo_20trevi.webp","contentUrl":"https:\/\/hoteltrevirome.com\/wp-content\/uploads\/2025\/11\/cropped-logo_20trevi.webp","width":347,"height":347,"caption":"Trevi Collection Hotel a Roma"},"image":{"@id":"https:\/\/hoteltrevirome.com\/de\/#\/schema\/logo\/image\/"},"sameAs":["https:\/\/www.facebook.com\/profile.php?id=61576998643266#","https:\/\/www.instagram.com\/trevicollectionhotel?igsh=MWR2ZTM2azFqM2g1eQ&utm_source=qr"]}]}},"jetpack_sharing_enabled":true,"_links":{"self":[{"href":"https:\/\/hoteltrevirome.com\/de\/wp-json\/wp\/v2\/pages\/2625","targetHints":{"allow":["GET"]}}],"collection":[{"href":"https:\/\/hoteltrevirome.com\/de\/wp-json\/wp\/v2\/pages"}],"about":[{"href":"https:\/\/hoteltrevirome.com\/de\/wp-json\/wp\/v2\/types\/page"}],"author":[{"embeddable":true,"href":"https:\/\/hoteltrevirome.com\/de\/wp-json\/wp\/v2\/users\/1"}],"replies":[{"embeddable":true,"href":"https:\/\/hoteltrevirome.com\/de\/wp-json\/wp\/v2\/comments?post=2625"}],"version-history":[{"count":11,"href":"https:\/\/hoteltrevirome.com\/de\/wp-json\/wp\/v2\/pages\/2625\/revisions"}],"predecessor-version":[{"id":5418,"href":"https:\/\/hoteltrevirome.com\/de\/wp-json\/wp\/v2\/pages\/2625\/revisions\/5418"}],"wp:attachment":[{"href":"https:\/\/hoteltrevirome.com\/de\/wp-json\/wp\/v2\/media?parent=2625"}],"curies":[{"name":"wp","href":"https:\/\/api.w.org\/{rel}","templated":true}]}}